{"id":791,"date":"2022-03-09T19:57:31","date_gmt":"2022-03-09T22:57:31","guid":{"rendered":"https:\/\/vallefriowines.cl\/?page_id=791"},"modified":"2022-08-06T13:59:04","modified_gmt":"2022-08-06T16:59:04","slug":"presenca-mundial","status":"publish","type":"page","link":"https:\/\/vallefriowines.cl\/pt-br\/presenca-mundial\/","title":{"rendered":"Presen\u00e7a Mundial"},"content":{"rendered":"<p><div class=\"fusion-fullwidth fullwidth-box fusion-builder-row-1 fusion-flex-container fusion-parallax-none hundred-percent-fullwidth non-hundred-percent-height-scrolling\" style=\"--awb-background-blend-mode:overlay;--awb-border-radius-top-left:0px;--awb-border-radius-top-right:0px;--awb-border-radius-bottom-right:0px;--awb-border-radius-bottom-left:0px;--awb-margin-bottom:0px;--awb-background-color:var(--awb-color5);--awb-background-image:url(&quot;https:\/\/vallefriowines.cl\/wp-content\/uploads\/2022\/07\/Panoramica-vf.jpg&quot;);--awb-background-size:cover;--awb-flex-wrap:wrap;\" ><div class=\"fusion-builder-row fusion-row fusion-flex-align-items-flex-start fusion-flex-content-wrap\" style=\"width:104% !important;max-width:104% !important;margin-left: calc(-4% \/ 2 );margin-right: calc(-4% \/ 2 );\"><div class=\"fusion-layout-column fusion_builder_column fusion-builder-column-0 fusion_builder_column_1_1 1_1 fusion-flex-column\" style=\"--awb-bg-size:cover;--awb-width-large:100%;--awb-margin-top-large:40px;--awb-spacing-right-large:1.92%;--awb-margin-bottom-large:20px;--awb-spacing-left-large:1.92%;--awb-width-medium:100%;--awb-order-medium:0;--awb-spacing-right-medium:1.92%;--awb-spacing-left-medium:1.92%;--awb-width-small:100%;--awb-order-small:0;--awb-spacing-right-small:1.92%;--awb-spacing-left-small:1.92%;\"><div class=\"fusion-column-wrapper fusion-column-has-shadow fusion-flex-justify-content-flex-start fusion-content-layout-column\"><div class=\"fusion-separator fusion-full-width-sep\" style=\"align-self: center;margin-left: auto;margin-right: auto;margin-top:120px;width:100%;\"><\/div><div class=\"fusion-title title fusion-title-1 fusion-sep-none fusion-title-center fusion-title-text fusion-title-size-one\" style=\"--awb-text-color:var(--awb-color6);--awb-margin-top-small:10px;--awb-margin-right-small:0px;--awb-margin-bottom-small:10px;--awb-margin-left-small:0px;\"><h1 class=\"fusion-title-heading title-heading-center\" style=\"margin:0;\">Presen\u00e7a Mundial<\/h1><\/div><div class=\"fusion-separator fusion-full-width-sep\" style=\"align-self: center;margin-left: auto;margin-right: auto;margin-top:120px;width:100%;\"><\/div><\/div><\/div><\/div><\/div><div class=\"fusion-fullwidth fullwidth-box fusion-builder-row-2 fusion-flex-container has-pattern-background has-mask-background nonhundred-percent-fullwidth non-hundred-percent-height-scrolling\" style=\"--awb-border-radius-top-left:0px;--awb-border-radius-top-right:0px;--awb-border-radius-bottom-right:0px;--awb-border-radius-bottom-left:0px;--awb-padding-right-small:0px;--awb-padding-left-small:0px;--awb-flex-wrap:wrap;\" ><div class=\"fusion-builder-row fusion-row fusion-flex-align-items-flex-start fusion-flex-content-wrap\" style=\"max-width:1248px;margin-left: calc(-4% \/ 2 );margin-right: calc(-4% \/ 2 );\"><div class=\"fusion-layout-column fusion_builder_column fusion-builder-column-1 fusion_builder_column_1_1 1_1 fusion-flex-column\" style=\"--awb-bg-size:cover;--awb-width-large:100%;--awb-margin-top-large:0px;--awb-spacing-right-large:1.92%;--awb-margin-bottom-large:20px;--awb-spacing-left-large:1.92%;--awb-width-medium:100%;--awb-order-medium:0;--awb-spacing-right-medium:1.92%;--awb-spacing-left-medium:1.92%;--awb-width-small:100%;--awb-order-small:0;--awb-margin-top-small:30px;--awb-spacing-right-small:0px;--awb-margin-bottom-small:10px;--awb-spacing-left-small:0px;\"><div class=\"fusion-column-wrapper fusion-column-has-shadow fusion-flex-justify-content-flex-start fusion-content-layout-column\"><div style=\"--awb-alignment:center;--awb-popover-content-background-color:var(--awb-color6);--awb-popover-text-color:var(--awb-color5);--awb-popover-border-color:var(--awb-color6);\" class=\"awb-image-hotspots awb-image-hotspots-1\"><div class=\"awb-image-hotspots-wrapper\"><img decoding=\"async\" src=\"https:\/\/vallefriowines.cl\/wp-content\/uploads\/2022\/06\/mapa.png\" alt=\"mapa\" width=\"1400\" height=\"800\" title=\"mapa\" class=\"awb-image-hotspots-image wp-image-779\" srcset=\"https:\/\/vallefriowines.cl\/wp-content\/uploads\/2022\/06\/mapa-200x114.png 200w, https:\/\/vallefriowines.cl\/wp-content\/uploads\/2022\/06\/mapa-300x171.png 300w, https:\/\/vallefriowines.cl\/wp-content\/uploads\/2022\/06\/mapa-400x229.png 400w, https:\/\/vallefriowines.cl\/wp-content\/uploads\/2022\/06\/mapa-600x343.png 600w, https:\/\/vallefriowines.cl\/wp-content\/uploads\/2022\/06\/mapa-768x439.png 768w, https:\/\/vallefriowines.cl\/wp-content\/uploads\/2022\/06\/mapa-800x457.png 800w, https:\/\/vallefriowines.cl\/wp-content\/uploads\/2022\/06\/mapa-1024x585.png 1024w, https:\/\/vallefriowines.cl\/wp-content\/uploads\/2022\/06\/mapa-1200x686.png 1200w, https:\/\/vallefriowines.cl\/wp-content\/uploads\/2022\/06\/mapa.png 1400w\" sizes=\"(max-width: 1400px) 100vw, 1400px\"\/><a style=\"--awb-font-size:17px;--awb-hotspot-text-color:var(--awb-color5);--awb-hotspot-background-color:rgba(198,173,116,0);--awb-hotspot-hover-text-color:var(--awb-color5);--awb-hotspot-hover-background-color:rgba(91,91,91,0);--awb-pos-x:71.2%;--awb-pos-y:34.8%;\" class=\"awb-image-hotspots-hotspot awb-image-hotspots-hotspot-1\" role=\"button\" tabindex=\"0\" data-awb-toggle-image-hotspot-popover=\"true\" data-title=\"\u00c1sia\" data-content=\"China&lt;\/br&gt;\nCoreia do Sul&lt;\/br&gt;\nVietn\u00e3&lt;\/br&gt;\nTaiwan&lt;\/br&gt;\nMal\u00e1sia&lt;\/br&gt;\nJap\u00e3o&lt;\/br&gt;\nCingapura\" data-trigger=\"hover focus\" data-placement=\"auto bottom\"><i class=\"fa-map-marker-alt fas\"><\/i> <\/a><a style=\"--awb-font-size:17px;--awb-hotspot-text-color:var(--awb-color5);--awb-hotspot-background-color:rgba(198,173,116,0);--awb-hotspot-hover-text-color:var(--awb-color5);--awb-hotspot-hover-background-color:rgba(91,91,91,0);--awb-pos-x:49.4%;--awb-pos-y:28.7%;\" class=\"awb-image-hotspots-hotspot awb-image-hotspots-hotspot-2\" role=\"button\" tabindex=\"0\" data-awb-toggle-image-hotspot-popover=\"true\" data-title=\"Europa\" data-content=\"Ucr\u00e2nia&lt;\/br&gt;\nPol\u00f4nia&lt;\/br&gt;\nReino Unido\" data-trigger=\"hover focus\" data-placement=\"auto bottom\"><i class=\"fa-map-marker-alt fas\"><\/i> <\/a><a style=\"--awb-font-size:17px;--awb-hotspot-text-color:var(--awb-color5);--awb-hotspot-background-color:rgba(198,173,116,0);--awb-hotspot-hover-text-color:var(--awb-color5);--awb-hotspot-hover-background-color:rgba(91,91,91,0);--awb-pos-x:15.3%;--awb-pos-y:33.6%;\" class=\"awb-image-hotspots-hotspot awb-image-hotspots-hotspot-3\" role=\"button\" tabindex=\"0\" data-awb-toggle-image-hotspot-popover=\"true\" data-title=\"Am\u00e9rica do Norte\" data-content=\"Estados Unidos&lt;\/br&gt;\nM\u00e9xico&lt;\/br&gt;\" data-trigger=\"hover focus\" data-placement=\"auto bottom\"><i class=\"fa-map-marker-alt fas\"><\/i> <\/a><a style=\"--awb-font-size:17px;--awb-hotspot-text-color:var(--awb-color5);--awb-hotspot-background-color:rgba(198,173,116,0);--awb-hotspot-hover-text-color:var(--awb-color5);--awb-hotspot-hover-background-color:rgba(91,91,91,0);--awb-pos-x:28.8%;--awb-pos-y:53.8%;\" class=\"awb-image-hotspots-hotspot awb-image-hotspots-hotspot-4\" role=\"button\" tabindex=\"0\" data-awb-toggle-image-hotspot-popover=\"true\" data-title=\"Am\u00e9rica latina\" data-content=\"Brasil &lt;\/br&gt;\nCol\u00f4mbia&lt;\/br&gt;\nChile&lt;\/br&gt;\nEquador&lt;\/br&gt;\nPanam\u00e1\" data-trigger=\"hover focus\" data-placement=\"auto bottom\"><i class=\"fa-map-marker-alt fas\"><\/i> <\/a><\/div><\/div><\/div><\/div><\/div><\/div><\/p>\n","protected":false},"excerpt":{"rendered":"","protected":false},"author":2,"featured_media":0,"parent":0,"menu_order":0,"comment_status":"closed","ping_status":"closed","template":"100-width.php","meta":{"footnotes":""},"class_list":["post-791","page","type-page","status-publish","hentry"],"yoast_head":"<!-- This site is optimized with the Yoast SEO plugin v27.4 - https:\/\/yoast.com\/product\/yoast-seo-wordpress\/ -->\n<title>Presen\u00e7a Mundial - Vi\u00f1a Valle Fr\u00edo<\/title>\n<meta name=\"robots\" content=\"index, follow, max-snippet:-1, max-image-preview:large, max-video-preview:-1\" \/>\n<link rel=\"canonical\" href=\"https:\/\/vallefriowines.cl\/pt-br\/presenca-mundial\/\" \/>\n<meta property=\"og:locale\" content=\"pt_BR\" \/>\n<meta property=\"og:type\" content=\"article\" \/>\n<meta property=\"og:title\" content=\"Presen\u00e7a Mundial - Vi\u00f1a Valle Fr\u00edo\" \/>\n<meta property=\"og:url\" content=\"https:\/\/vallefriowines.cl\/pt-br\/presenca-mundial\/\" \/>\n<meta property=\"og:site_name\" content=\"Vi\u00f1a Valle Fr\u00edo\" \/>\n<meta property=\"article:modified_time\" content=\"2022-08-06T16:59:04+00:00\" \/>\n<meta name=\"twitter:card\" content=\"summary_large_image\" \/>\n<meta name=\"twitter:label1\" content=\"Est. tempo de leitura\" \/>\n\t<meta name=\"twitter:data1\" content=\"9 minutos\" \/>\n<script type=\"application\/ld+json\" class=\"yoast-schema-graph\">{\"@context\":\"https:\\\/\\\/schema.org\",\"@graph\":[{\"@type\":\"WebPage\",\"@id\":\"https:\\\/\\\/vallefriowines.cl\\\/pt-br\\\/presenca-mundial\\\/\",\"url\":\"https:\\\/\\\/vallefriowines.cl\\\/pt-br\\\/presenca-mundial\\\/\",\"name\":\"Presen\u00e7a Mundial - Vi\u00f1a Valle Fr\u00edo\",\"isPartOf\":{\"@id\":\"https:\\\/\\\/vallefriowines.cl\\\/#website\"},\"datePublished\":\"2022-03-09T22:57:31+00:00\",\"dateModified\":\"2022-08-06T16:59:04+00:00\",\"breadcrumb\":{\"@id\":\"https:\\\/\\\/vallefriowines.cl\\\/pt-br\\\/presenca-mundial\\\/#breadcrumb\"},\"inLanguage\":\"pt-BR\",\"potentialAction\":[{\"@type\":\"ReadAction\",\"target\":[\"https:\\\/\\\/vallefriowines.cl\\\/pt-br\\\/presenca-mundial\\\/\"]}]},{\"@type\":\"BreadcrumbList\",\"@id\":\"https:\\\/\\\/vallefriowines.cl\\\/pt-br\\\/presenca-mundial\\\/#breadcrumb\",\"itemListElement\":[{\"@type\":\"ListItem\",\"position\":1,\"name\":\"Portada\",\"item\":\"https:\\\/\\\/vallefriowines.cl\\\/pt-br\\\/\"},{\"@type\":\"ListItem\",\"position\":2,\"name\":\"Presen\u00e7a Mundial\"}]},{\"@type\":\"WebSite\",\"@id\":\"https:\\\/\\\/vallefriowines.cl\\\/#website\",\"url\":\"https:\\\/\\\/vallefriowines.cl\\\/\",\"name\":\"Vi\u00f1a Valle Fr\u00edo\",\"description\":\"Vineyards and Winery\",\"potentialAction\":[{\"@type\":\"SearchAction\",\"target\":{\"@type\":\"EntryPoint\",\"urlTemplate\":\"https:\\\/\\\/vallefriowines.cl\\\/?s={search_term_string}\"},\"query-input\":{\"@type\":\"PropertyValueSpecification\",\"valueRequired\":true,\"valueName\":\"search_term_string\"}}],\"inLanguage\":\"pt-BR\"}]}<\/script>\n<!-- \/ Yoast SEO plugin. -->","yoast_head_json":{"title":"Presen\u00e7a Mundial - Vi\u00f1a Valle Fr\u00edo","robots":{"index":"index","follow":"follow","max-snippet":"max-snippet:-1","max-image-preview":"max-image-preview:large","max-video-preview":"max-video-preview:-1"},"canonical":"https:\/\/vallefriowines.cl\/pt-br\/presenca-mundial\/","og_locale":"pt_BR","og_type":"article","og_title":"Presen\u00e7a Mundial - Vi\u00f1a Valle Fr\u00edo","og_url":"https:\/\/vallefriowines.cl\/pt-br\/presenca-mundial\/","og_site_name":"Vi\u00f1a Valle Fr\u00edo","article_modified_time":"2022-08-06T16:59:04+00:00","twitter_card":"summary_large_image","twitter_misc":{"Est. tempo de leitura":"9 minutos"},"schema":{"@context":"https:\/\/schema.org","@graph":[{"@type":"WebPage","@id":"https:\/\/vallefriowines.cl\/pt-br\/presenca-mundial\/","url":"https:\/\/vallefriowines.cl\/pt-br\/presenca-mundial\/","name":"Presen\u00e7a Mundial - Vi\u00f1a Valle Fr\u00edo","isPartOf":{"@id":"https:\/\/vallefriowines.cl\/#website"},"datePublished":"2022-03-09T22:57:31+00:00","dateModified":"2022-08-06T16:59:04+00:00","breadcrumb":{"@id":"https:\/\/vallefriowines.cl\/pt-br\/presenca-mundial\/#breadcrumb"},"inLanguage":"pt-BR","potentialAction":[{"@type":"ReadAction","target":["https:\/\/vallefriowines.cl\/pt-br\/presenca-mundial\/"]}]},{"@type":"BreadcrumbList","@id":"https:\/\/vallefriowines.cl\/pt-br\/presenca-mundial\/#breadcrumb","itemListElement":[{"@type":"ListItem","position":1,"name":"Portada","item":"https:\/\/vallefriowines.cl\/pt-br\/"},{"@type":"ListItem","position":2,"name":"Presen\u00e7a Mundial"}]},{"@type":"WebSite","@id":"https:\/\/vallefriowines.cl\/#website","url":"https:\/\/vallefriowines.cl\/","name":"Vi\u00f1a Valle Fr\u00edo","description":"Vineyards and Winery","potentialAction":[{"@type":"SearchAction","target":{"@type":"EntryPoint","urlTemplate":"https:\/\/vallefriowines.cl\/?s={search_term_string}"},"query-input":{"@type":"PropertyValueSpecification","valueRequired":true,"valueName":"search_term_string"}}],"inLanguage":"pt-BR"}]}},"_links":{"self":[{"href":"https:\/\/vallefriowines.cl\/pt-br\/wp-json\/wp\/v2\/pages\/791","targetHints":{"allow":["GET"]}}],"collection":[{"href":"https:\/\/vallefriowines.cl\/pt-br\/wp-json\/wp\/v2\/pages"}],"about":[{"href":"https:\/\/vallefriowines.cl\/pt-br\/wp-json\/wp\/v2\/types\/page"}],"author":[{"embeddable":true,"href":"https:\/\/vallefriowines.cl\/pt-br\/wp-json\/wp\/v2\/users\/2"}],"replies":[{"embeddable":true,"href":"https:\/\/vallefriowines.cl\/pt-br\/wp-json\/wp\/v2\/comments?post=791"}],"version-history":[{"count":6,"href":"https:\/\/vallefriowines.cl\/pt-br\/wp-json\/wp\/v2\/pages\/791\/revisions"}],"predecessor-version":[{"id":1820,"href":"https:\/\/vallefriowines.cl\/pt-br\/wp-json\/wp\/v2\/pages\/791\/revisions\/1820"}],"wp:attachment":[{"href":"https:\/\/vallefriowines.cl\/pt-br\/wp-json\/wp\/v2\/media?parent=791"}],"curies":[{"name":"wp","href":"https:\/\/api.w.org\/{rel}","templated":true}]}}