{"id":717,"date":"2022-03-09T19:56:58","date_gmt":"2022-03-09T23:56:58","guid":{"rendered":"https:\/\/vallefriowines.cl\/?page_id=717"},"modified":"2022-08-04T12:11:48","modified_gmt":"2022-08-04T15:11:48","slug":"campos","status":"publish","type":"page","link":"https:\/\/vallefriowines.cl\/pt-br\/campos\/","title":{"rendered":"Campos"},"content":{"rendered":"<p><div class=\"fusion-fullwidth fullwidth-box fusion-builder-row-1 fusion-flex-container video-background hundred-percent-fullwidth non-hundred-percent-height-scrolling\" style=\"--awb-border-radius-top-left:0px;--awb-border-radius-top-right:0px;--awb-border-radius-bottom-right:0px;--awb-border-radius-bottom-left:0px;--awb-padding-right:0px;--awb-padding-left:0px;--awb-flex-wrap:wrap;\" ><div style='opacity:0;' class='fusion-background-video-wrapper' id='video-1' data-youtube-video-id='sd3A1a73e6U' data-mute='yes' data-loop='1' data-loop-adjustment='' data-video-aspect-ratio='16:9'><div class='fusion-container-video-bg' id='video-2-inner'><\/div><\/div><div class=\"fusion-builder-row fusion-row fusion-flex-align-items-flex-start fusion-flex-content-wrap\" style=\"width:104% !important;max-width:104% !important;margin-left: calc(-4% \/ 2 );margin-right: calc(-4% \/ 2 );\"><div class=\"fusion-layout-column fusion_builder_column fusion-builder-column-0 fusion_builder_column_1_1 1_1 fusion-flex-column\" style=\"--awb-bg-size:cover;--awb-width-large:100%;--awb-margin-top-large:0px;--awb-spacing-right-large:1.92%;--awb-margin-bottom-large:20px;--awb-spacing-left-large:1.92%;--awb-width-medium:100%;--awb-order-medium:0;--awb-spacing-right-medium:1.92%;--awb-spacing-left-medium:1.92%;--awb-width-small:100%;--awb-order-small:0;--awb-spacing-right-small:1.92%;--awb-spacing-left-small:1.92%;\"><div class=\"fusion-column-wrapper fusion-column-has-shadow fusion-flex-justify-content-flex-start fusion-content-layout-column\"><div class=\"fusion-separator fusion-full-width-sep\" style=\"align-self: center;margin-left: auto;margin-right: auto;margin-top:170px;width:100%;\"><\/div><div class=\"fusion-title title fusion-title-1 fusion-sep-none fusion-title-center fusion-title-text fusion-title-size-one\" style=\"--awb-text-color:var(--awb-color1);--awb-margin-top-small:10px;--awb-margin-right-small:0px;--awb-margin-bottom-small:10px;--awb-margin-left-small:0px;--awb-font-size:40px;\"><h1 class=\"fusion-title-heading title-heading-center\" style=\"margin:0;font-size:1em;\">Campos<\/h1><\/div><div class=\"fusion-separator fusion-full-width-sep\" style=\"align-self: center;margin-left: auto;margin-right: auto;margin-top:170px;width:100%;\"><\/div><\/div><\/div><\/div><\/div><div class=\"fusion-fullwidth fullwidth-box fusion-builder-row-2 fusion-flex-container nonhundred-percent-fullwidth non-hundred-percent-height-scrolling\" style=\"--awb-border-radius-top-left:0px;--awb-border-radius-top-right:0px;--awb-border-radius-bottom-right:0px;--awb-border-radius-bottom-left:0px;--awb-padding-top:30px;--awb-flex-wrap:wrap;\" ><div class=\"fusion-builder-row fusion-row fusion-flex-align-items-flex-start fusion-flex-content-wrap\" style=\"max-width:1248px;margin-left: calc(-4% \/ 2 );margin-right: calc(-4% \/ 2 );\"><div class=\"fusion-layout-column fusion_builder_column fusion-builder-column-1 fusion_builder_column_1_1 1_1 fusion-flex-column\" style=\"--awb-bg-size:cover;--awb-width-large:100%;--awb-margin-top-large:0px;--awb-spacing-right-large:1.92%;--awb-margin-bottom-large:20px;--awb-spacing-left-large:1.92%;--awb-width-medium:100%;--awb-order-medium:0;--awb-spacing-right-medium:1.92%;--awb-spacing-left-medium:1.92%;--awb-width-small:100%;--awb-order-small:0;--awb-spacing-right-small:1.92%;--awb-spacing-left-small:1.92%;\"><div class=\"fusion-column-wrapper fusion-column-has-shadow fusion-flex-justify-content-flex-start fusion-content-layout-column\"><div class=\"fusion-title title fusion-title-2 fusion-sep-none fusion-title-text fusion-title-size-one\" style=\"--awb-text-color:var(--awb-color1);--awb-margin-top-small:10px;--awb-margin-right-small:0px;--awb-margin-bottom-small:10px;--awb-margin-left-small:0px;--awb-font-size:24px;\"><h1 class=\"fusion-title-heading title-heading-left\" style=\"margin:0;font-size:1em;\"><div class=\"page\" title=\"Page 4\">\n<div class=\"section\">\n<div class=\"layoutArea\">\n<div class=\"column\">\n<p>Maule<\/p>\n<\/div>\n<\/div>\n<\/div>\n<\/div><\/h1><\/div><div class=\"fusion-text fusion-text-1 awb-text-cols fusion-text-columns-2\" style=\"--awb-text-transform:none;--awb-text-color:var(--awb-color1);--awb-columns:2;--awb-column-spacing:2em;--awb-column-min-width:100px;\"><div class=\"page\" title=\"Page 4\">\n<div class=\"section\">\n<div class=\"layoutArea\">\n<div class=\"column\">\n<p>A maior regi\u00e3o vin\u00edcola do Chile tamb\u00e9m \u00e9 uma das mais diversificadas geograficamente e climaticamente, abrangendo os Andes a leste, vales planos e ensolarados ao longo do corredor central e colinas costeiras a oeste, permitindo que as variedades tintas e brancas encontrem um terroir ideal onde pode ser cultivado. Com clima mediterr\u00e2neo e grande influ\u00eancia do vento frio que vem da Cordilheira dos Andes \u00e0 noite, o que aumenta a oscila\u00e7\u00e3o t\u00e9rmica di\u00e1ria e reduz o per\u00edodo de temperaturas m\u00e1ximas, ajudando o fruto a amadurecer lentamente e em boas condi\u00e7\u00f5es.<br \/>\nAo contr\u00e1rio de muitas outras regi\u00f5es de cultivo no Chile, o Vale do Maule n\u00e3o tem influ\u00eancia mar\u00edtima, mas mant\u00e9m um diferencial de temperatura diurno favor\u00e1vel. Estas condi\u00e7\u00f5es clim\u00e1ticas conferem uma intensidade arom\u00e1tica caracter\u00edstica do Carm\u00e9n\u00e8re, caracteristicamente cheio de especiarias e pimenta preta desta regi\u00e3o e permitem que Cabernet Sauvignon e Merlot prosperem tamb\u00e9m. Maule tamb\u00e9m \u00e9 o lar de alguns dos vinhedos mais antigos do pa\u00eds, uma viticultura de sequeiro e forma\u00e7\u00e3o no topo, uma excelente \u00e1rea para encontrar Carignan excepcional.<\/p>\n<\/div>\n<\/div>\n<\/div>\n<\/div>\n<\/div><\/div><\/div><\/div><\/div><div class=\"fusion-fullwidth fullwidth-box fusion-builder-row-3 fusion-flex-container nonhundred-percent-fullwidth non-hundred-percent-height-scrolling\" style=\"--awb-border-radius-top-left:0px;--awb-border-radius-top-right:0px;--awb-border-radius-bottom-right:0px;--awb-border-radius-bottom-left:0px;--awb-flex-wrap:wrap;\" ><div class=\"fusion-builder-row fusion-row fusion-flex-align-items-flex-start fusion-flex-content-wrap\" style=\"max-width:1248px;margin-left: calc(-4% \/ 2 );margin-right: calc(-4% \/ 2 );\"><div class=\"fusion-layout-column fusion_builder_column fusion-builder-column-2 fusion_builder_column_1_4 1_4 fusion-flex-column\" style=\"--awb-bg-image:url(&#039;https:\/\/vallefriowines.cl\/wp-content\/uploads\/2022\/06\/vinedo1.jpg&#039;);--awb-bg-size:cover;--awb-width-large:25%;--awb-margin-top-large:0px;--awb-spacing-right-large:10px;--awb-margin-bottom-large:20px;--awb-spacing-left-large:10px;--awb-width-medium:25%;--awb-order-medium:0;--awb-spacing-right-medium:10px;--awb-spacing-left-medium:10px;--awb-width-small:100%;--awb-order-small:0;--awb-spacing-right-small:1.92%;--awb-spacing-left-small:1.92%;\"><div class=\"fusion-column-wrapper fusion-column-has-shadow fusion-flex-justify-content-flex-start fusion-content-layout-column fusion-column-has-bg-image\" data-bg-url=\"https:\/\/vallefriowines.cl\/wp-content\/uploads\/2022\/06\/vinedo1.jpg\"><div class=\"fusion-separator fusion-full-width-sep\" style=\"align-self: center;margin-left: auto;margin-right: auto;margin-top:330px;width:100%;\"><\/div><\/div><\/div><div class=\"fusion-layout-column fusion_builder_column fusion-builder-column-3 fusion_builder_column_1_2 1_2 fusion-flex-column\" style=\"--awb-bg-image:url(&#039;https:\/\/vallefriowines.cl\/wp-content\/uploads\/2022\/06\/vinedo2.jpg&#039;);--awb-bg-position:center center;--awb-bg-size:cover;--awb-width-large:50%;--awb-margin-top-large:0px;--awb-spacing-right-large:10px;--awb-margin-bottom-large:20px;--awb-spacing-left-large:10px;--awb-width-medium:50%;--awb-order-medium:0;--awb-spacing-right-medium:10px;--awb-spacing-left-medium:10px;--awb-width-small:100%;--awb-order-small:0;--awb-spacing-right-small:1.92%;--awb-spacing-left-small:1.92%;\"><div class=\"fusion-column-wrapper fusion-column-has-shadow fusion-flex-justify-content-flex-start fusion-content-layout-column fusion-column-has-bg-image\" data-bg-url=\"https:\/\/vallefriowines.cl\/wp-content\/uploads\/2022\/06\/vinedo2.jpg\"><div class=\"fusion-separator fusion-full-width-sep\" style=\"align-self: center;margin-left: auto;margin-right: auto;margin-top:330px;width:100%;\"><\/div><\/div><\/div><div class=\"fusion-layout-column fusion_builder_column fusion-builder-column-4 fusion_builder_column_1_4 1_4 fusion-flex-column\" style=\"--awb-bg-image:url(&#039;https:\/\/vallefriowines.cl\/wp-content\/uploads\/2022\/06\/vinedo3.jpg&#039;);--awb-bg-size:cover;--awb-width-large:25%;--awb-margin-top-large:0px;--awb-spacing-right-large:10px;--awb-margin-bottom-large:20px;--awb-spacing-left-large:10px;--awb-width-medium:25%;--awb-order-medium:0;--awb-spacing-right-medium:10px;--awb-spacing-left-medium:10px;--awb-width-small:100%;--awb-order-small:0;--awb-spacing-right-small:1.92%;--awb-spacing-left-small:1.92%;\"><div class=\"fusion-column-wrapper fusion-column-has-shadow fusion-flex-justify-content-flex-start fusion-content-layout-column fusion-column-has-bg-image\" data-bg-url=\"https:\/\/vallefriowines.cl\/wp-content\/uploads\/2022\/06\/vinedo3.jpg\"><div class=\"fusion-separator fusion-full-width-sep\" style=\"align-self: center;margin-left: auto;margin-right: auto;margin-top:330px;width:100%;\"><\/div><\/div><\/div><\/div><\/div><div class=\"fusion-fullwidth fullwidth-box fusion-builder-row-4 fusion-flex-container fusion-parallax-none nonhundred-percent-fullwidth non-hundred-percent-height-scrolling\" style=\"--awb-border-radius-top-left:0px;--awb-border-radius-top-right:0px;--awb-border-radius-bottom-right:0px;--awb-border-radius-bottom-left:0px;--awb-padding-top:30px;--awb-background-image:url(&quot;https:\/\/vallefriowines.cl\/wp-content\/uploads\/2022\/06\/fondo-vinedo.jpg&quot;);--awb-background-size:cover;--awb-flex-wrap:wrap;\" ><div class=\"fusion-builder-row fusion-row fusion-flex-align-items-flex-start fusion-flex-content-wrap\" style=\"max-width:1248px;margin-left: calc(-4% \/ 2 );margin-right: calc(-4% \/ 2 );\"><div class=\"fusion-layout-column fusion_builder_column fusion-builder-column-5 fusion_builder_column_1_2 1_2 fusion-flex-column\" style=\"--awb-padding-top:30px;--awb-padding-bottom:10px;--awb-bg-size:cover;--awb-width-large:50%;--awb-margin-top-large:0px;--awb-spacing-right-large:3.84%;--awb-margin-bottom-large:20px;--awb-spacing-left-large:3.84%;--awb-width-medium:50%;--awb-order-medium:0;--awb-spacing-right-medium:3.84%;--awb-spacing-left-medium:3.84%;--awb-width-small:100%;--awb-order-small:0;--awb-spacing-right-small:1.92%;--awb-spacing-left-small:1.92%;\"><div class=\"fusion-column-wrapper fusion-column-has-shadow fusion-flex-justify-content-flex-start fusion-content-layout-column\"><div class=\"fusion-title title fusion-title-3 fusion-sep-none fusion-title-text fusion-title-size-one\" style=\"--awb-text-color:var(--awb-color1);--awb-margin-top-small:10px;--awb-margin-right-small:0px;--awb-margin-bottom-small:10px;--awb-margin-left-small:0px;--awb-font-size:24px;\"><h1 class=\"fusion-title-heading title-heading-left\" style=\"margin:0;font-size:1em;\">Maule entre Cordilleras<\/h1><\/div><div class=\"fusion-text fusion-text-2\" style=\"--awb-text-transform:none;--awb-text-color:var(--awb-color1);\"><p>O territ\u00f3rio entre a Cordilheira dos Andes e o Litoral apresenta esta\u00e7\u00f5es marcadas por ver\u00f5es quentes e secos e invernos frios e chuvosos, com marcada oscila\u00e7\u00e3o t\u00e9rmica entre o dia e a noite, condi\u00e7\u00f5es ideais para a produ\u00e7\u00e3o de grandes vinhos tintos de forte express\u00e3o.<\/p>\n<\/div><\/div><\/div><div class=\"fusion-layout-column fusion_builder_column fusion-builder-column-6 fusion_builder_column_1_2 1_2 fusion-flex-column\" style=\"--awb-padding-top:30px;--awb-padding-bottom:10px;--awb-bg-size:cover;--awb-width-large:50%;--awb-margin-top-large:0px;--awb-spacing-right-large:3.84%;--awb-margin-bottom-large:20px;--awb-spacing-left-large:3.84%;--awb-width-medium:50%;--awb-order-medium:0;--awb-spacing-right-medium:3.84%;--awb-spacing-left-medium:3.84%;--awb-width-small:100%;--awb-order-small:0;--awb-spacing-right-small:1.92%;--awb-spacing-left-small:1.92%;\"><div class=\"fusion-column-wrapper fusion-column-has-shadow fusion-flex-justify-content-flex-start fusion-content-layout-column\"><div class=\"fusion-title title fusion-title-4 fusion-sep-none fusion-title-text fusion-title-size-one\" style=\"--awb-text-color:var(--awb-color1);--awb-margin-top-small:10px;--awb-margin-right-small:0px;--awb-margin-bottom-small:10px;--awb-margin-left-small:0px;--awb-font-size:24px;\"><h1 class=\"fusion-title-heading title-heading-left\" style=\"margin:0;font-size:1em;\">Maule Cordillera<\/h1><\/div><div class=\"fusion-text fusion-text-3\" style=\"--awb-text-transform:none;--awb-text-color:var(--awb-color1);\"><p>A cordilheira dos Andes, gra\u00e7as \u00e0 sua geografia de alturas, gera condi\u00e7\u00f5es para ter temperaturas m\u00e9dias muito baixas, onde os vinhos atingem uma grande intensidade em sua express\u00e3o devido \u00e0 sua lenta matura\u00e7\u00e3o.<\/p>\n<\/div><\/div><\/div><\/div><\/div><div class=\"fusion-fullwidth fullwidth-box fusion-builder-row-5 fusion-flex-container nonhundred-percent-fullwidth non-hundred-percent-height-scrolling\" style=\"--awb-border-radius-top-left:0px;--awb-border-radius-top-right:0px;--awb-border-radius-bottom-right:0px;--awb-border-radius-bottom-left:0px;--awb-padding-top:30px;--awb-flex-wrap:wrap;\" ><div class=\"fusion-builder-row fusion-row fusion-flex-align-items-flex-start fusion-flex-content-wrap\" style=\"max-width:1248px;margin-left: calc(-4% \/ 2 );margin-right: calc(-4% \/ 2 );\"><div class=\"fusion-layout-column fusion_builder_column fusion-builder-column-7 fusion_builder_column_1_1 1_1 fusion-flex-column\" style=\"--awb-bg-size:cover;--awb-width-large:100%;--awb-margin-top-large:0px;--awb-spacing-right-large:1.92%;--awb-margin-bottom-large:20px;--awb-spacing-left-large:1.92%;--awb-width-medium:100%;--awb-order-medium:0;--awb-spacing-right-medium:1.92%;--awb-spacing-left-medium:1.92%;--awb-width-small:100%;--awb-order-small:0;--awb-spacing-right-small:1.92%;--awb-spacing-left-small:1.92%;\"><div class=\"fusion-column-wrapper fusion-column-has-shadow fusion-flex-justify-content-flex-start fusion-content-layout-column\"><div class=\"fusion-title title fusion-title-5 fusion-sep-none fusion-title-text fusion-title-size-one\" style=\"--awb-text-color:var(--awb-color1);--awb-margin-top-small:10px;--awb-margin-right-small:0px;--awb-margin-bottom-small:10px;--awb-margin-left-small:0px;--awb-font-size:24px;\"><h1 class=\"fusion-title-heading title-heading-left\" style=\"margin:0;font-size:1em;\">Curic\u00f3<\/h1><\/div><div class=\"fusion-text fusion-text-4 awb-text-cols fusion-text-columns-2\" style=\"--awb-text-transform:none;--awb-text-color:var(--awb-color1);--awb-columns:2;--awb-column-spacing:2em;--awb-column-min-width:100px;\"><p>Com uma tradi\u00e7\u00e3o vitivin\u00edcola que remonta ao s\u00e9culo XIX, o Vale do Curic\u00f3 \u00e9 at\u00e9 hoje, uma das \u00e1reas vin\u00edcolas mais reverenciadas, diversificadas e maiores do Chile. A regi\u00e3o apresenta uma grande diversidade de solos de origem vulc\u00e2nica e aluvial, com texturas argilosas, de diferentes teores e n\u00edveis de reten\u00e7\u00e3o de humidade, o que permite tamb\u00e9m escolher a condi\u00e7\u00e3o de solo mais adequada para cada variedade e assim expressar o seu potencial m\u00e1ximo.<br \/>\nO clima mediterr\u00e2nico, com dias quentes com radia\u00e7\u00e3o solar adequada e tamb\u00e9m noites frias, proporciona a amplitude t\u00e9rmica necess\u00e1ria \u00e0 obten\u00e7\u00e3o de uvas de qualidade. Da mesma forma, a precipita\u00e7\u00e3o anual de 600 mm, concentrada principalmente nos meses de inverno, cria um equil\u00edbrio vital entre o vigor das plantas e a produ\u00e7\u00e3o de uvas saud\u00e1veis. Especialmente favorecendo a produ\u00e7\u00e3o de Cabernet Sauvignon e Sauvignon Blanc que s\u00e3o as principais variedades plantadas no Vale.<\/p>\n<\/div><\/div><\/div><\/div><\/div><div class=\"fusion-fullwidth fullwidth-box fusion-builder-row-6 fusion-flex-container nonhundred-percent-fullwidth non-hundred-percent-height-scrolling\" style=\"--awb-border-radius-top-left:0px;--awb-border-radius-top-right:0px;--awb-border-radius-bottom-right:0px;--awb-border-radius-bottom-left:0px;--awb-flex-wrap:wrap;\" ><div class=\"fusion-builder-row fusion-row fusion-flex-align-items-flex-start fusion-flex-content-wrap\" style=\"max-width:1248px;margin-left: calc(-4% \/ 2 );margin-right: calc(-4% \/ 2 );\"><div class=\"fusion-layout-column fusion_builder_column fusion-builder-column-8 fusion_builder_column_1_4 1_4 fusion-flex-column\" style=\"--awb-bg-image:url(&#039;https:\/\/vallefriowines.cl\/wp-content\/uploads\/2022\/06\/vinedo4.jpg&#039;);--awb-bg-size:cover;--awb-width-large:25%;--awb-margin-top-large:0px;--awb-spacing-right-large:10px;--awb-margin-bottom-large:20px;--awb-spacing-left-large:10px;--awb-width-medium:25%;--awb-order-medium:0;--awb-spacing-right-medium:10px;--awb-spacing-left-medium:10px;--awb-width-small:100%;--awb-order-small:0;--awb-spacing-right-small:1.92%;--awb-spacing-left-small:1.92%;\"><div class=\"fusion-column-wrapper fusion-column-has-shadow fusion-flex-justify-content-flex-start fusion-content-layout-column fusion-column-has-bg-image\" data-bg-url=\"https:\/\/vallefriowines.cl\/wp-content\/uploads\/2022\/06\/vinedo4.jpg\"><div class=\"fusion-separator fusion-full-width-sep\" style=\"align-self: center;margin-left: auto;margin-right: auto;margin-top:330px;width:100%;\"><\/div><\/div><\/div><div class=\"fusion-layout-column fusion_builder_column fusion-builder-column-9 fusion_builder_column_1_2 1_2 fusion-flex-column\" style=\"--awb-bg-image:url(&#039;https:\/\/vallefriowines.cl\/wp-content\/uploads\/2022\/06\/vinedo5.jpg&#039;);--awb-bg-position:center center;--awb-bg-size:cover;--awb-width-large:50%;--awb-margin-top-large:0px;--awb-spacing-right-large:10px;--awb-margin-bottom-large:20px;--awb-spacing-left-large:10px;--awb-width-medium:50%;--awb-order-medium:0;--awb-spacing-right-medium:10px;--awb-spacing-left-medium:10px;--awb-width-small:100%;--awb-order-small:0;--awb-spacing-right-small:1.92%;--awb-spacing-left-small:1.92%;\"><div class=\"fusion-column-wrapper fusion-column-has-shadow fusion-flex-justify-content-flex-start fusion-content-layout-column fusion-column-has-bg-image\" data-bg-url=\"https:\/\/vallefriowines.cl\/wp-content\/uploads\/2022\/06\/vinedo5.jpg\"><div class=\"fusion-separator fusion-full-width-sep\" style=\"align-self: center;margin-left: auto;margin-right: auto;margin-top:330px;width:100%;\"><\/div><\/div><\/div><div class=\"fusion-layout-column fusion_builder_column fusion-builder-column-10 fusion_builder_column_1_4 1_4 fusion-flex-column\" style=\"--awb-bg-image:url(&#039;https:\/\/vallefriowines.cl\/wp-content\/uploads\/2022\/06\/vinedo6.jpg&#039;);--awb-bg-size:cover;--awb-width-large:25%;--awb-margin-top-large:0px;--awb-spacing-right-large:10px;--awb-margin-bottom-large:20px;--awb-spacing-left-large:10px;--awb-width-medium:25%;--awb-order-medium:0;--awb-spacing-right-medium:10px;--awb-spacing-left-medium:10px;--awb-width-small:100%;--awb-order-small:0;--awb-spacing-right-small:1.92%;--awb-spacing-left-small:1.92%;\"><div class=\"fusion-column-wrapper fusion-column-has-shadow fusion-flex-justify-content-flex-start fusion-content-layout-column fusion-column-has-bg-image\" data-bg-url=\"https:\/\/vallefriowines.cl\/wp-content\/uploads\/2022\/06\/vinedo6.jpg\"><div class=\"fusion-separator fusion-full-width-sep\" style=\"align-self: center;margin-left: auto;margin-right: auto;margin-top:330px;width:100%;\"><\/div><\/div><\/div><\/div><\/div><\/p>\n","protected":false},"excerpt":{"rendered":"","protected":false},"author":2,"featured_media":0,"parent":0,"menu_order":0,"comment_status":"closed","ping_status":"closed","template":"100-width.php","meta":{"footnotes":""},"class_list":["post-717","page","type-page","status-publish","hentry"],"yoast_head":"<!-- This site is optimized with the Yoast SEO plugin v27.4 - https:\/\/yoast.com\/product\/yoast-seo-wordpress\/ -->\n<title>Campos<\/title>\n<meta name=\"robots\" content=\"index, follow, max-snippet:-1, max-image-preview:large, max-video-preview:-1\" \/>\n<link rel=\"canonical\" href=\"https:\/\/vallefriowines.cl\/vinedos\/\" \/>\n<meta property=\"og:locale\" content=\"pt_BR\" \/>\n<meta property=\"og:type\" content=\"article\" \/>\n<meta property=\"og:title\" content=\"Campos\" \/>\n<meta property=\"og:url\" content=\"https:\/\/vallefriowines.cl\/vinedos\/\" \/>\n<meta property=\"og:site_name\" content=\"Vi\u00f1a Valle Fr\u00edo\" \/>\n<meta property=\"article:modified_time\" content=\"2022-08-04T15:11:48+00:00\" \/>\n<meta name=\"twitter:card\" content=\"summary_large_image\" \/>\n<meta name=\"twitter:label1\" content=\"Est. tempo de leitura\" \/>\n\t<meta name=\"twitter:data1\" content=\"35 minutos\" \/>\n<script type=\"application\/ld+json\" class=\"yoast-schema-graph\">{\"@context\":\"https:\\\/\\\/schema.org\",\"@graph\":[{\"@type\":\"WebPage\",\"@id\":\"https:\\\/\\\/vallefriowines.cl\\\/vinedos\\\/\",\"url\":\"https:\\\/\\\/vallefriowines.cl\\\/vinedos\\\/\",\"name\":\"Campos\",\"isPartOf\":{\"@id\":\"https:\\\/\\\/vallefriowines.cl\\\/#website\"},\"datePublished\":\"2022-03-09T23:56:58+00:00\",\"dateModified\":\"2022-08-04T15:11:48+00:00\",\"breadcrumb\":{\"@id\":\"https:\\\/\\\/vallefriowines.cl\\\/vinedos\\\/#breadcrumb\"},\"inLanguage\":\"pt-BR\",\"potentialAction\":[{\"@type\":\"ReadAction\",\"target\":[\"https:\\\/\\\/vallefriowines.cl\\\/vinedos\\\/\"]}]},{\"@type\":\"BreadcrumbList\",\"@id\":\"https:\\\/\\\/vallefriowines.cl\\\/vinedos\\\/#breadcrumb\",\"itemListElement\":[{\"@type\":\"ListItem\",\"position\":1,\"name\":\"Portada\",\"item\":\"https:\\\/\\\/vallefriowines.cl\\\/pt-br\\\/\"},{\"@type\":\"ListItem\",\"position\":2,\"name\":\"Campos\"}]},{\"@type\":\"WebSite\",\"@id\":\"https:\\\/\\\/vallefriowines.cl\\\/#website\",\"url\":\"https:\\\/\\\/vallefriowines.cl\\\/\",\"name\":\"Vi\u00f1a Valle Fr\u00edo\",\"description\":\"Vineyards and Winery\",\"potentialAction\":[{\"@type\":\"SearchAction\",\"target\":{\"@type\":\"EntryPoint\",\"urlTemplate\":\"https:\\\/\\\/vallefriowines.cl\\\/?s={search_term_string}\"},\"query-input\":{\"@type\":\"PropertyValueSpecification\",\"valueRequired\":true,\"valueName\":\"search_term_string\"}}],\"inLanguage\":\"pt-BR\"}]}<\/script>\n<!-- \/ Yoast SEO plugin. -->","yoast_head_json":{"title":"Campos","robots":{"index":"index","follow":"follow","max-snippet":"max-snippet:-1","max-image-preview":"max-image-preview:large","max-video-preview":"max-video-preview:-1"},"canonical":"https:\/\/vallefriowines.cl\/vinedos\/","og_locale":"pt_BR","og_type":"article","og_title":"Campos","og_url":"https:\/\/vallefriowines.cl\/vinedos\/","og_site_name":"Vi\u00f1a Valle Fr\u00edo","article_modified_time":"2022-08-04T15:11:48+00:00","twitter_card":"summary_large_image","twitter_misc":{"Est. tempo de leitura":"35 minutos"},"schema":{"@context":"https:\/\/schema.org","@graph":[{"@type":"WebPage","@id":"https:\/\/vallefriowines.cl\/vinedos\/","url":"https:\/\/vallefriowines.cl\/vinedos\/","name":"Campos","isPartOf":{"@id":"https:\/\/vallefriowines.cl\/#website"},"datePublished":"2022-03-09T23:56:58+00:00","dateModified":"2022-08-04T15:11:48+00:00","breadcrumb":{"@id":"https:\/\/vallefriowines.cl\/vinedos\/#breadcrumb"},"inLanguage":"pt-BR","potentialAction":[{"@type":"ReadAction","target":["https:\/\/vallefriowines.cl\/vinedos\/"]}]},{"@type":"BreadcrumbList","@id":"https:\/\/vallefriowines.cl\/vinedos\/#breadcrumb","itemListElement":[{"@type":"ListItem","position":1,"name":"Portada","item":"https:\/\/vallefriowines.cl\/pt-br\/"},{"@type":"ListItem","position":2,"name":"Campos"}]},{"@type":"WebSite","@id":"https:\/\/vallefriowines.cl\/#website","url":"https:\/\/vallefriowines.cl\/","name":"Vi\u00f1a Valle Fr\u00edo","description":"Vineyards and Winery","potentialAction":[{"@type":"SearchAction","target":{"@type":"EntryPoint","urlTemplate":"https:\/\/vallefriowines.cl\/?s={search_term_string}"},"query-input":{"@type":"PropertyValueSpecification","valueRequired":true,"valueName":"search_term_string"}}],"inLanguage":"pt-BR"}]}},"_links":{"self":[{"href":"https:\/\/vallefriowines.cl\/pt-br\/wp-json\/wp\/v2\/pages\/717","targetHints":{"allow":["GET"]}}],"collection":[{"href":"https:\/\/vallefriowines.cl\/pt-br\/wp-json\/wp\/v2\/pages"}],"about":[{"href":"https:\/\/vallefriowines.cl\/pt-br\/wp-json\/wp\/v2\/types\/page"}],"author":[{"embeddable":true,"href":"https:\/\/vallefriowines.cl\/pt-br\/wp-json\/wp\/v2\/users\/2"}],"replies":[{"embeddable":true,"href":"https:\/\/vallefriowines.cl\/pt-br\/wp-json\/wp\/v2\/comments?post=717"}],"version-history":[{"count":4,"href":"https:\/\/vallefriowines.cl\/pt-br\/wp-json\/wp\/v2\/pages\/717\/revisions"}],"predecessor-version":[{"id":749,"href":"https:\/\/vallefriowines.cl\/pt-br\/wp-json\/wp\/v2\/pages\/717\/revisions\/749"}],"wp:attachment":[{"href":"https:\/\/vallefriowines.cl\/pt-br\/wp-json\/wp\/v2\/media?parent=717"}],"curies":[{"name":"wp","href":"https:\/\/api.w.org\/{rel}","templated":true}]}}